{"id":3337,"date":"2021-04-28T06:20:55","date_gmt":"2021-04-28T06:20:55","guid":{"rendered":"https:\/\/enseigner.unil.ch\/ressources\/?page_id=3337"},"modified":"2026-04-02T08:00:51","modified_gmt":"2026-04-02T06:00:51","slug":"a-propos","status":"publish","type":"page","link":"https:\/\/enseigner.unil.ch\/ressources\/a-propos\/","title":{"rendered":"A propos"},"content":{"rendered":"\n<blockquote class=\"wp-block-quote is-layout-flow wp-block-quote-is-layout-flow\">\n<p class=\"has-central-palette-9-color has-text-color has-link-color has-small-font-size wp-elements-2f9ea28da5c241582ddb428a81a28f85\"><em>Il n&rsquo;est pas de bonne p\u00e9dagogie qui ne commence par \u00e9veiller le d\u00e9sir l&rsquo;apprendre.<br>Fran\u00e7ois de Closets<\/em><\/p>\n<\/blockquote>\n\n\n\n<div style=\"height:20px\" aria-hidden=\"true\" class=\"wp-block-spacer\"><\/div>\n\n\n\n<h3 class=\"wp-block-heading\">Des ressources pour informer, outiller, former<\/h3>\n\n\n\n<p>Les ressources propos\u00e9es sur ce site abordent diff\u00e9rents th\u00e8mes autour de la p\u00e9dagogie, avec pour objectif de permettre la mise en \u0153uvre d\u2019activit\u00e9s p\u00e9dagogiques sp\u00e9cifiques, de d\u00e9finir et d\u00e9mystifier des sujets p\u00e9dagogiques, de fournir des guides sp\u00e9cifiques \u00e0 l\u2019utilisation d\u2019outils technologiques, et d&rsquo;alimenter la r\u00e9flexion sur les tendances actuelles et les \u00e9volutions pressenties dans l&rsquo;enseignement sup\u00e9rieur. <\/p>\n\n\n\n<p>Les ressources sont structur\u00e9es en deux grandes cat\u00e9gories, compl\u00e9t\u00e9es par un acc\u00e8s th\u00e9matique centr\u00e9 sur les enjeux concrets de la pratique enseignante.<\/p>\n\n\n\n<div class=\"wp-block-advgb-columns advgb-columns-wrapper\" id=\"advgb-cols-25432632-4ea1-4f32-b2a6-5bbf30aa314b\"><div class=\"advgb-columns-container\"><div class=\"advgb-columns advgb-columns-row advgb-is-mobile advgb-columns-1 layout-100 mbl-layout-stacked vgutter-10\">\n<div class=\"wp-block-advgb-column advgb-column advgb-is-full-mobile\" id=\"advgb-col-33679442-8666-4ddd-be79-d8ff31dcde3b\"><div class=\"advgb-column-inner\" style=\"border-style:solid;border-color:#FF6600;border-width:1px\">\n<h3 class=\"wp-block-heading\">Ressources :<\/h3>\n\n\n\n<p>Des ressources pratiques, concr\u00e8tes, bas\u00e9es sur les recommandations issues de la litt\u00e9rature scientifique ou des exp\u00e9riences concr\u00e8tes \u00e9prouv\u00e9es autour des diff\u00e9rentes th\u00e9matiques rencontr\u00e9es par les enseignant\u00b7es dans leur pratique quotidienne, ainsi que des guides, des corpus, des descriptions d\u2019activit\u00e9s ou autres li\u00e9s aux outils num\u00e9riques pour enseigner.<\/p>\n\n\n\n<h3 class=\"wp-block-heading\">Ouvrages :<\/h3>\n\n\n\n<p>Des ouvrages de r\u00e9f\u00e9rence pour l\u2019enseignement sup\u00e9rieur ou l\u2019accompagnement p\u00e9dagogique, publi\u00e9s sous la direction de l\u2019un des membres du CSE, ou co-\u00e9crits par l\u2019un des membres du CSE.<\/p>\n\n\n\n<h3 class=\"wp-block-heading\">Am\u00e9liorer sa pratique :<\/h3>\n\n\n\n<p>Des th\u00e9matiques p\u00e9dagogiques ax\u00e9es sur des enjeux concrets de l\u2019enseignement, offrant des conseils et des pistes concr\u00e8tes pour mettre en \u0153uvre de nouvelles approches, organiser ses supports et soutenir l\u2019apprentissage des \u00e9tudiant\u00b7es.<\/p>\n<\/div><\/div>\n<\/div><\/div><\/div>\n\n\n\n<p>Les filtres \u00e0 disposition permettent de naviguer parmi les contenus selon diff\u00e9rents crit\u00e8res.<\/p>\n\n\n\n<p>Les ressources propos\u00e9es sont destin\u00e9es \u00e0 \u00eatre consult\u00e9es en autonomie. Pour un soutien plus sp\u00e9cifique, l\u2019ensemble de l\u2019\u00e9quipe du CSE se tient \u00e0 la disposition du corps enseignant de l&rsquo;Unil pour des s\u00e9ances de conseil individualis\u00e9es ainsi que pour la production de ressources multim\u00e9dias. Plus d&rsquo;informations sur <a href=\"https:\/\/go.unil.ch\/cse\" target=\"_blank\" rel=\"noreferrer noopener\">le site du CSE<\/a>.<\/p>\n\n\n\n<h4 class=\"wp-block-heading\">Impressum<\/h4>\n\n\n\n<p>L&rsquo;espace enseignement est coordonn\u00e9 par le CSE, et principalement aliment\u00e9 par les conseiller\u00b7\u00e8res p\u00e9dagogiques et collaborateur\u00b7trices techniques et multim\u00e9dia du service. <br>L&rsquo;espace est \u00e9galement ouvert aux divers services et facult\u00e9s de l&rsquo;Unil qui voudraient partager des ressources sur des th\u00e8mes li\u00e9s \u00e0 la p\u00e9dagogie.<\/p>\n\n\n\n<p>Pour plus d&rsquo;informations ou nous faire part de vos remarques, contactez <a href=\"mailto:cse@unil.ch\">cse@unil.ch<\/a> ou <a href=\"https:\/\/go.unil.ch\/cse\/\" target=\"_blank\" rel=\"noreferrer noopener\">notre \u00e9quipe<\/a>. Si un sujet vous int\u00e9resse particuli\u00e8rement et qu\u2019il n\u2019est pas ou peu trait\u00e9, n\u2019h\u00e9sitez \u00e9galement pas \u00e0 nous contacter&nbsp;!<\/p>\n\n\n\n<h4 class=\"wp-block-heading\">Cr\u00e9dits<\/h4>\n\n\n\n<p>Les contenus sont mis \u00e0 disposition sous licence Creative Commons \u00ab<a rel=\"noreferrer noopener\" href=\"https:\/\/creativecommons.org\/licenses\/by-nc-nd\/4.0\/\" target=\"_blank\">by-nc-nd<\/a>\u00bb sauf autres indications dans la page. <br>Vous ne pouvez exploiter l\u2019\u0153uvre qu\u2019\u00e0 des fins personnelles et devez mentionner le nom de l\u2019auteur\u00b7e.<br>Si vous d\u00e9sirez r\u00e9utiliser et modifier une ressource, contactez <a href=\"mailto:cse@unil.ch\">cse@unil.ch<\/a><\/p>\n\n\n\n<p>Pour citer un article : [auteur] [(date)]. [titre]. Universit\u00e9 de Lausanne, Centre de soutien \u00e0 l\u2019enseignement.<\/p>\n\n\n\n<h4 class=\"wp-block-heading\">Cookies et traceurs<\/h4>\n\n\n\n<p>Ce site utilise l\u2019outil de statistiques Google Analytics pour analyser la fr\u00e9quentation et l\u2019utilisation du site, dans le but d\u2019am\u00e9liorer notre offre. Les donn\u00e9es g\u00e9n\u00e9r\u00e9es par les cookies de l\u2019outil sont anonymes et supprim\u00e9es apr\u00e8s 12 mois, conform\u00e9ment \u00e0 la loi sur la protection des donn\u00e9es. Les cookies peuvent \u00eatre d\u00e9sactiv\u00e9 dans votre navigateur.<\/p>\n\n\n\n<p>Pour plus de d\u00e9tails, consultez notre <a href=\"\/ressources\/politique-de-cookies-ue\/\">Politique des cookies<\/a> ainsi que les informations relatives au <a href=\"https:\/\/www.unil.ch\/unil\/fr\/home\/termes\/conditions\/informations-legales.html\" target=\"_blank\" rel=\"noreferrer noopener\">traitement des donn\u00e9es<\/a> de l\u2019Universit\u00e9 de Lausanne.<\/p>\n\n\n\n<p>Pour toute question en relation avec la pr\u00e9sente politique, vous pouvez envoyer un mail \u00e0 <a href=\"javascript:void(location.href='mailto:'+String.fromCharCode(99,115,101,64,117,110,105,108,46,99,104)+'?subject=Contact')\">cse@unil.ch<\/a><a href=\"https:\/\/pedagogies-en-pratique.org\"><\/a>.<\/p>\n<style class=\"advgb-styles-renderer\">#advgb-col-33679442-8666-4ddd-be79-d8ff31dcde3b>.advgb-column-inner{padding-right:10px;padding-left:10px;}@media screen and (max-width: 1023px) {#advgb-col-33679442-8666-4ddd-be79-d8ff31dcde3b>.advgb-column-inner{}}@media screen and (max-width: 767px) {#advgb-col-33679442-8666-4ddd-be79-d8ff31dcde3b>.advgb-column-inner{}}#advgb-cols-25432632-4ea1-4f32-b2a6-5bbf30aa314b{}@media screen and (max-width: 1023px) {#advgb-cols-25432632-4ea1-4f32-b2a6-5bbf30aa314b{}}@media screen and (max-width: 767px) {#advgb-cols-25432632-4ea1-4f32-b2a6-5bbf30aa314b{}}#advgb-col-33679442-8666-4ddd-be79-d8ff31dcde3b>.advgb-column-inner{padding-right:10px;padding-left:10px;}@media screen and (max-width: 1023px) {#advgb-col-33679442-8666-4ddd-be79-d8ff31dcde3b>.advgb-column-inner{}}@media screen and (max-width: 767px) {#advgb-col-33679442-8666-4ddd-be79-d8ff31dcde3b>.advgb-column-inner{}}<\/style>","protected":false},"excerpt":{"rendered":"<p>Il n&rsquo;est pas de bonne p\u00e9dagogie qui ne commence par \u00e9veiller le d\u00e9sir l&rsquo;apprendre.Fran\u00e7ois de Closets Des ressources pour informer, outiller, former Les ressources propos\u00e9es sur ce site abordent diff\u00e9rents th\u00e8mes autour de la p\u00e9dagogie, avec pour objectif de permettre la mise en \u0153uvre d\u2019activit\u00e9s p\u00e9dagogiques sp\u00e9cifiques, de d\u00e9finir et d\u00e9mystifier des sujets p\u00e9dagogiques, de [&hellip;]<\/p>\n","protected":false},"author":2,"featured_media":0,"parent":0,"menu_order":0,"comment_status":"closed","ping_status":"closed","template":"","meta":{"_uag_custom_page_level_css":"","advgb_blocks_editor_width":"","advgb_blocks_columns_visual_guide":"","footnotes":""},"class_list":["post-3337","page","type-page","status-publish","hentry"],"uagb_featured_image_src":{"full":false,"thumbnail":false,"medium":false,"medium_large":false,"large":false,"1536x1536":false,"2048x2048":false,"mailpoet_newsletter_max":false},"uagb_author_info":{"display_name":"Ariane Elsig","author_link":"https:\/\/enseigner.unil.ch\/ressources\/author\/aelsig_admin\/"},"uagb_comment_info":0,"uagb_excerpt":"Il n&rsquo;est pas de bonne p\u00e9dagogie qui ne commence par \u00e9veiller le d\u00e9sir l&rsquo;apprendre.Fran\u00e7ois de Closets Des ressources pour informer, outiller, former Les ressources propos\u00e9es sur ce site abordent diff\u00e9rents th\u00e8mes autour de la p\u00e9dagogie, avec pour objectif de permettre la mise en \u0153uvre d\u2019activit\u00e9s p\u00e9dagogiques sp\u00e9cifiques, de d\u00e9finir et d\u00e9mystifier des sujets p\u00e9dagogiques, de\u2026","coauthors":[],"author_meta":{"author_link":"https:\/\/enseigner.unil.ch\/ressources\/author\/aelsig_admin\/","display_name":"Ariane Elsig"},"relative_dates":{"created":"Publi\u00e9 5 ans il y a","modified":"Mis \u00e0 jour 2 semaines il y a"},"absolute_dates":{"created":"Publi\u00e9 le 28\/04\/2021","modified":"Mise \u00e0 jour le 02\/04\/2026"},"absolute_dates_time":{"created":"Publi\u00e9 le 28\/04\/2021 6:20 am","modified":"Mise \u00e0 jour le 02\/04\/2026 8:00 am"},"featured_img_caption":"","featured_img":false,"series_order":"","_links":{"self":[{"href":"https:\/\/enseigner.unil.ch\/ressources\/wp-json\/wp\/v2\/pages\/3337","targetHints":{"allow":["GET"]}}],"collection":[{"href":"https:\/\/enseigner.unil.ch\/ressources\/wp-json\/wp\/v2\/pages"}],"about":[{"href":"https:\/\/enseigner.unil.ch\/ressources\/wp-json\/wp\/v2\/types\/page"}],"author":[{"embeddable":true,"href":"https:\/\/enseigner.unil.ch\/ressources\/wp-json\/wp\/v2\/users\/2"}],"replies":[{"embeddable":true,"href":"https:\/\/enseigner.unil.ch\/ressources\/wp-json\/wp\/v2\/comments?post=3337"}],"version-history":[{"count":25,"href":"https:\/\/enseigner.unil.ch\/ressources\/wp-json\/wp\/v2\/pages\/3337\/revisions"}],"predecessor-version":[{"id":12629,"href":"https:\/\/enseigner.unil.ch\/ressources\/wp-json\/wp\/v2\/pages\/3337\/revisions\/12629"}],"wp:attachment":[{"href":"https:\/\/enseigner.unil.ch\/ressources\/wp-json\/wp\/v2\/media?parent=3337"}],"curies":[{"name":"wp","href":"https:\/\/api.w.org\/{rel}","templated":true}]}}